{"id":39,"date":"2023-02-27T14:41:30","date_gmt":"2023-02-27T14:41:30","guid":{"rendered":"https:\/\/webshop.agrinox.hu\/?page_id=39"},"modified":"2023-09-09T10:28:38","modified_gmt":"2023-09-09T10:28:38","slug":"contact","status":"publish","type":"page","link":"https:\/\/webshop.agrinox.hu\/index.php\/contact\/","title":{"rendered":"Kapcsolat"},"content":{"rendered":"\n<div class=\"wp-block-columns cols-single-sm gap-50 pt-2 is-layout-flex wp-container-core-columns-layout-1 wp-block-columns-is-layout-flex\">\n<div class=\"wp-block-column is-layout-flow wp-block-column-is-layout-flow\">\n<figure class=\"wp-block-image aligncenter size-large is-resized mb-0\"><img loading=\"lazy\" decoding=\"async\" src=\"https:\/\/webshop.agrinox.hu\/wp-content\/themes\/exs\/assets\/img\/mail-outline.png\" alt=\"\" class=\"wp-image-501\" style=\"width:100px;height:100px\" width=\"100\" height=\"100\"\/><\/figure>\n\n\n\n<div style=\"height:100px\" aria-hidden=\"true\" class=\"wp-block-spacer\"><\/div>\n\n\n\n<h3 class=\"wp-block-heading has-text-align-center mt-05 mb-0\">Email<\/h3>\n\n\n\n<p class=\"has-text-align-center mt-1\">info@agrinox.hu<a href=\"mailto:mail@example.com\"> <\/a> <\/p>\n<\/div>\n\n\n\n<div class=\"wp-block-column is-layout-flow wp-block-column-is-layout-flow\">\n<figure class=\"wp-block-image aligncenter size-large is-resized\"><img loading=\"lazy\" decoding=\"async\" src=\"https:\/\/webshop.agrinox.hu\/wp-content\/uploads\/2023\/04\/1099px-Factory_icon-1024x954.png\" alt=\"\" class=\"wp-image-296\" style=\"width:104px;height:97px\" width=\"104\" height=\"97\" srcset=\"https:\/\/webshop.agrinox.hu\/wp-content\/uploads\/2023\/04\/1099px-Factory_icon-1024x954.png 1024w, https:\/\/webshop.agrinox.hu\/wp-content\/uploads\/2023\/04\/1099px-Factory_icon-300x280.png 300w, https:\/\/webshop.agrinox.hu\/wp-content\/uploads\/2023\/04\/1099px-Factory_icon-768x716.png 768w, https:\/\/webshop.agrinox.hu\/wp-content\/uploads\/2023\/04\/1099px-Factory_icon-918x855.png 918w, https:\/\/webshop.agrinox.hu\/wp-content\/uploads\/2023\/04\/1099px-Factory_icon.png 1099w\" sizes=\"(max-width: 104px) 100vw, 104px\" \/><\/figure>\n\n\n\n<div style=\"height:64px\" aria-hidden=\"true\" class=\"wp-block-spacer\"><\/div>\n\n\n\n<h2 class=\"wp-block-heading has-text-align-center\"><strong>C\u00e9g adatok<\/strong><\/h2>\n\n\n\n<div class=\"wp-block-group is-vertical is-layout-flex wp-container-core-group-layout-1 wp-block-group-is-layout-flex\">\n<p class=\"has-text-align-center\">Ad\u00f3sz\u00e1munk: 14647644-2-15<\/p>\n\n\n\n<p class=\"has-text-align-center\">C\u00e9gjegyz\u00e9k sz\u00e1m: 15-09-073888<\/p>\n<\/div>\n<\/div>\n\n\n\n<div class=\"wp-block-column is-layout-flow wp-block-column-is-layout-flow\">\n<figure class=\"wp-block-image aligncenter size-large is-resized mb-0\"><img loading=\"lazy\" decoding=\"async\" src=\"https:\/\/webshop.agrinox.hu\/wp-content\/themes\/exs\/assets\/img\/call-outline.png\" alt=\"\" class=\"wp-image-524\" style=\"width:100px;height:100px\" width=\"100\" height=\"100\"\/><\/figure>\n\n\n\n<div style=\"height:100px\" aria-hidden=\"true\" class=\"wp-block-spacer\"><\/div>\n\n\n\n<h3 class=\"wp-block-heading has-text-align-center mt-05 mb-0\">Telefon<\/h3>\n\n\n\n<p class=\"has-text-align-center mt-1\">+36 20 922 1204<br>+36 20 432 5212<\/p>\n\n\n\n<p class=\"has-text-align-center\">Telefonon h\u00e9tk\u00f6znap 8-16 \u00f3ra k\u00f6z\u00f6tt vagyunk el\u00e9rhet\u0151ek.<\/p>\n<\/div>\n\n\n\n<div class=\"wp-block-column is-layout-flow wp-block-column-is-layout-flow\">\n<figure class=\"wp-block-image aligncenter size-large is-resized mb-0\"><img loading=\"lazy\" decoding=\"async\" src=\"https:\/\/webshop.agrinox.hu\/wp-content\/themes\/exs\/assets\/img\/location-outline.png\" alt=\"\" class=\"wp-image-502\" style=\"width:100px;height:100px\" width=\"100\" height=\"100\"\/><\/figure>\n\n\n\n<div style=\"height:100px\" aria-hidden=\"true\" class=\"wp-block-spacer\"><\/div>\n\n\n\n<h3 class=\"wp-block-heading has-text-align-center mt-05 mb-0\">C\u00edm<\/h3>\n\n\n\n<div class=\"wp-block-group is-vertical is-content-justification-center is-layout-flex wp-container-core-group-layout-2 wp-block-group-is-layout-flex\">\n<p class=\"has-text-align-center mt-1\">4246 Ny\u00edregyh\u00e1za<\/p>\n\n\n\n<p>Butykai \u00fat 24.<\/p>\n<\/div>\n<\/div>\n<\/div>\n\n\n\n<p> <\/p>\n","protected":false},"excerpt":{"rendered":"<p>Email info@agrinox.hu C\u00e9g adatok Ad\u00f3sz\u00e1munk: 14647644-2-15 C\u00e9gjegyz\u00e9k sz\u00e1m: 15-09-073888 Telefon +36 20 922 1204+36 20 432 5212 Telefonon h\u00e9tk\u00f6znap 8-16<span class=\"more-dots\">&#8230;<\/span><\/p>\n","protected":false},"author":1,"featured_media":30,"parent":0,"menu_order":0,"comment_status":"closed","ping_status":"closed","template":"","meta":{"footnotes":""},"_links":{"self":[{"href":"https:\/\/webshop.agrinox.hu\/index.php\/wp-json\/wp\/v2\/pages\/39"}],"collection":[{"href":"https:\/\/webshop.agrinox.hu\/index.php\/wp-json\/wp\/v2\/pages"}],"about":[{"href":"https:\/\/webshop.agrinox.hu\/index.php\/wp-json\/wp\/v2\/types\/page"}],"author":[{"embeddable":true,"href":"https:\/\/webshop.agrinox.hu\/index.php\/wp-json\/wp\/v2\/users\/1"}],"replies":[{"embeddable":true,"href":"https:\/\/webshop.agrinox.hu\/index.php\/wp-json\/wp\/v2\/comments?post=39"}],"version-history":[{"count":12,"href":"https:\/\/webshop.agrinox.hu\/index.php\/wp-json\/wp\/v2\/pages\/39\/revisions"}],"predecessor-version":[{"id":320,"href":"https:\/\/webshop.agrinox.hu\/index.php\/wp-json\/wp\/v2\/pages\/39\/revisions\/320"}],"wp:featuredmedia":[{"embeddable":true,"href":"https:\/\/webshop.agrinox.hu\/index.php\/wp-json\/wp\/v2\/media\/30"}],"wp:attachment":[{"href":"https:\/\/webshop.agrinox.hu\/index.php\/wp-json\/wp\/v2\/media?parent=39"}],"curies":[{"name":"wp","href":"https:\/\/api.w.org\/{rel}","templated":true}]}}