{"id":349,"date":"2023-09-09T11:57:26","date_gmt":"2023-09-09T11:57:26","guid":{"rendered":"https:\/\/webshop.agrinox.hu\/?page_id=349"},"modified":"2023-09-09T11:58:10","modified_gmt":"2023-09-09T11:58:10","slug":"termekeink","status":"publish","type":"page","link":"https:\/\/webshop.agrinox.hu\/index.php\/termekeink\/","title":{"rendered":"Term\u00e9keink"},"content":{"rendered":"<ul class=\"wp-block-categories-list wp-block-categories\">\t<li class=\"cat-item cat-item-15\"><a href=\"https:\/\/webshop.agrinox.hu\/index.php\/category\/egyeb\/\">Egy\u00e9b<\/a>\n<\/li>\n\t<li class=\"cat-item cat-item-8\"><a href=\"https:\/\/webshop.agrinox.hu\/index.php\/category\/halok\/\">H\u00e1l\u00f3k<\/a>\n<\/li>\n\t<li class=\"cat-item cat-item-13\"><a href=\"https:\/\/webshop.agrinox.hu\/index.php\/category\/hamozok-koptatok\/\">H\u00e1moz\u00f3k, koptat\u00f3k<\/a>\n<\/li>\n\t<li class=\"cat-item cat-item-11\"><a href=\"https:\/\/webshop.agrinox.hu\/index.php\/category\/minosegvizsgalat\/\">Min\u0151s\u00e9gvizsg\u00e1lat<\/a>\n<\/li>\n\t<li class=\"cat-item cat-item-12\"><a href=\"https:\/\/webshop.agrinox.hu\/index.php\/category\/mosoberendezesek\/\">Mos\u00f3berendez\u00e9sek<\/a>\n<\/li>\n\t<li class=\"cat-item cat-item-14\"><a href=\"https:\/\/webshop.agrinox.hu\/index.php\/category\/nilma\/\">NILMA<\/a>\n<\/li>\n\t<li class=\"cat-item cat-item-6\"><a href=\"https:\/\/webshop.agrinox.hu\/index.php\/category\/osztalyozok\/\">Oszt\u00e1lyoz\u00f3k<\/a>\n<\/li>\n\t<li class=\"cat-item cat-item-7\"><a href=\"https:\/\/webshop.agrinox.hu\/index.php\/category\/pnd\/\">PND<\/a>\n<\/li>\n\t<li class=\"cat-item cat-item-9\"><a href=\"https:\/\/webshop.agrinox.hu\/index.php\/category\/szeletelok-kockazok\/\">Szeletel\u0151k, kock\u00e1z\u00f3k<\/a>\n<\/li>\n<\/ul>","protected":false},"excerpt":{"rendered":"","protected":false},"author":1,"featured_media":0,"parent":0,"menu_order":0,"comment_status":"closed","ping_status":"closed","template":"","meta":{"footnotes":""},"_links":{"self":[{"href":"https:\/\/webshop.agrinox.hu\/index.php\/wp-json\/wp\/v2\/pages\/349"}],"collection":[{"href":"https:\/\/webshop.agrinox.hu\/index.php\/wp-json\/wp\/v2\/pages"}],"about":[{"href":"https:\/\/webshop.agrinox.hu\/index.php\/wp-json\/wp\/v2\/types\/page"}],"author":[{"embeddable":true,"href":"https:\/\/webshop.agrinox.hu\/index.php\/wp-json\/wp\/v2\/users\/1"}],"replies":[{"embeddable":true,"href":"https:\/\/webshop.agrinox.hu\/index.php\/wp-json\/wp\/v2\/comments?post=349"}],"version-history":[{"count":2,"href":"https:\/\/webshop.agrinox.hu\/index.php\/wp-json\/wp\/v2\/pages\/349\/revisions"}],"predecessor-version":[{"id":351,"href":"https:\/\/webshop.agrinox.hu\/index.php\/wp-json\/wp\/v2\/pages\/349\/revisions\/351"}],"wp:attachment":[{"href":"https:\/\/webshop.agrinox.hu\/index.php\/wp-json\/wp\/v2\/media?parent=349"}],"curies":[{"name":"wp","href":"https:\/\/api.w.org\/{rel}","templated":true}]}}