{"id":34,"date":"2023-02-27T14:41:30","date_gmt":"2023-02-27T14:41:30","guid":{"rendered":"https:\/\/webshop.agrinox.hu\/?page_id=34"},"modified":"2023-09-09T11:04:42","modified_gmt":"2023-09-09T11:04:42","slug":"home","status":"publish","type":"page","link":"https:\/\/webshop.agrinox.hu\/","title":{"rendered":"Kezd\u0151lap"},"content":{"rendered":"\n<h2 class=\"wp-block-heading has-text-align-center mt-4 mb-05\" id=\"features\">K\u00f6sz\u00f6ntj\u00fck az Agrinox Kft. meg\u00fajul\u00e1s alatt \u00e1ll\u00f3 weboldal\u00e1n!<\/h2>\n\n\n\n<p class=\"has-text-align-center\">Weboldalunk k\u00fcls\u0151leg m\u00e1r meg\u00fajult, hamarosan pedig \u00faj term\u00e9kekkel, k\u00e9pekkel b\u0151v\u00fcl, addig k\u00e9rj\u00fck sz\u00edves t\u00fcrelm\u00e9t!<\/p>\n\n\n\n<h3 class=\"wp-block-heading has-text-align-center\">Bemutatkoz\u00e1s<\/h3>\n\n\n\n<p class=\"has-text-align-center\">C\u00e9g\u00fcnk 2009-ben alapult Ny\u00edregyh\u00e1z\u00e1n. Els\u0151sorban gy\u00fcm\u00f6lcs- z\u00f6lds\u00e9gtermeszt\u00e9shez \u00e9s feldolgoz\u00e1shoz forgalmazunk f\u0151k\u00e9nt olasz gy\u00e1rtm\u00e1ny\u00fa g\u00e9peket, de partnereink k\u00f6z\u00f6tt szerepelnek francia \u00e9s magyar c\u00e9gek is.<\/p>\n\n\n\n<h3 class=\"wp-block-heading has-text-align-center\">Figyelem!<\/h3>\n\n\n\n<p class=\"has-text-align-center\">A term\u00e9kek \u00e1r\u00e1r\u00f3l \u00e9s el\u00e9rhet\u0151s\u00e9g\u00e9r\u0151l e-mailben t\u00e1j\u00e9koz\u00f3dhatnak.<\/p>\n","protected":false},"excerpt":{"rendered":"<p>K\u00f6sz\u00f6ntj\u00fck az Agrinox Kft. meg\u00fajul\u00e1s alatt \u00e1ll\u00f3 weboldal\u00e1n! Weboldalunk k\u00fcls\u0151leg m\u00e1r meg\u00fajult, hamarosan pedig \u00faj term\u00e9kekkel, k\u00e9pekkel b\u0151v\u00fcl, addig k\u00e9rj\u00fck<span class=\"more-dots\">&#8230;<\/span><\/p>\n","protected":false},"author":1,"featured_media":30,"parent":0,"menu_order":0,"comment_status":"closed","ping_status":"closed","template":"","meta":{"footnotes":""},"_links":{"self":[{"href":"https:\/\/webshop.agrinox.hu\/index.php\/wp-json\/wp\/v2\/pages\/34"}],"collection":[{"href":"https:\/\/webshop.agrinox.hu\/index.php\/wp-json\/wp\/v2\/pages"}],"about":[{"href":"https:\/\/webshop.agrinox.hu\/index.php\/wp-json\/wp\/v2\/types\/page"}],"author":[{"embeddable":true,"href":"https:\/\/webshop.agrinox.hu\/index.php\/wp-json\/wp\/v2\/users\/1"}],"replies":[{"embeddable":true,"href":"https:\/\/webshop.agrinox.hu\/index.php\/wp-json\/wp\/v2\/comments?post=34"}],"version-history":[{"count":12,"href":"https:\/\/webshop.agrinox.hu\/index.php\/wp-json\/wp\/v2\/pages\/34\/revisions"}],"predecessor-version":[{"id":322,"href":"https:\/\/webshop.agrinox.hu\/index.php\/wp-json\/wp\/v2\/pages\/34\/revisions\/322"}],"wp:featuredmedia":[{"embeddable":true,"href":"https:\/\/webshop.agrinox.hu\/index.php\/wp-json\/wp\/v2\/media\/30"}],"wp:attachment":[{"href":"https:\/\/webshop.agrinox.hu\/index.php\/wp-json\/wp\/v2\/media?parent=34"}],"curies":[{"name":"wp","href":"https:\/\/api.w.org\/{rel}","templated":true}]}}