{"id":123,"date":"2023-02-27T18:12:37","date_gmt":"2023-02-27T18:12:37","guid":{"rendered":"https:\/\/webshop.agrinox.hu\/?page_id=123"},"modified":"2023-02-27T20:46:54","modified_gmt":"2023-02-27T20:46:54","slug":"pnd-termekek","status":"publish","type":"page","link":"https:\/\/webshop.agrinox.hu\/index.php\/pnd-termekek\/","title":{"rendered":"PND Term\u00e9kek"},"content":{"rendered":"\n<p>T\u00e1rsas\u00e1gunk egyik legfontosabb partnere a&nbsp;PND s.r.l. a gy\u00fcm\u00f6lcsfeldolgoz\u00f3 g\u00e9pek \u00e9s berendez\u00e9sek gy\u00e1rt\u00e1s\u00e1ra szakosodott d\u00e9l-olaszorsz\u00e1gi t\u00e1rsas\u00e1g. A 2000- ben alakult a t\u00e1rsas\u00e1got magasan k\u00e9pzett&nbsp;technikusok hozt\u00e1k l\u00e9tre, akik ekkor m\u00e1r 30 \u00e9ves gyakorlati tapasztattal rendelkeztek az agrotechnikai szektorban.<br>Ezen \u00e9vek sor\u00e1n az alap\u00edt\u00f3k technikai ismerete \u00e9s lelkesed\u00e9se \u00e1ltal a c\u00e9g sikeresen vette fel a versenyt a nemzetk\u00f6zi piacokon m\u00e1r \u00e9vtizedek \u00f3ta jelenl\u00e9v\u0151 gy\u00e1rt\u00f3kkal.<br>Jelenleg a PND kereskedelmi h\u00e1l\u00f3zata az eg\u00e9sz vil\u00e1gra kiterjed. A&nbsp;kereskedelmi partnerek s\u0171r\u0171 h\u00e1l\u00f3zat\u00e1nak k\u00f6sz\u00f6nhet\u0151en a PND vil\u00e1gszerte export\u00e1lja g\u00e9peit. Val\u00f3j\u00e1ban t\u00f6bb mint 400 g\u00e9p m\u0171k\u00f6dik sikeresen Eur\u00f3p\u00e1ban, D\u00e9l-Amerik\u00e1ban, az Egyes\u00fclt \u00c1llamokban, \u00c1zsi\u00e1ban \u00e9s Ausztr\u00e1li\u00e1ban. Az \u00fcgyfelek folyamatos, a g\u00e9p megv\u00e1s\u00e1rl\u00e1sa el\u0151tti \u00e9s ut\u00e1ni t\u00e1mogat\u00e1sa nagyon fontos sz\u00e1munkra. B\u00e1rmely esetlegesen felmer\u00fcl\u0151 meghib\u00e1sod\u00e1st gyorsan el tudunk h\u00e1r\u00edtani.<br>A munk\u00e1nk f\u0151 c\u00e9lja, a k\u00f6lcs\u00f6n\u00f6s bizalmon \u00e9s egy\u00fcttm\u0171k\u00f6d\u00e9sen alapul\u00f3 \u00fcgyf\u00e9lkapcsolat ki\u00e9p\u00edt\u00e9se, az el\u00e9gedett \u00fcgyf\u00e9lk\u00f6r kialak\u00edt\u00e1sa.<\/p>\n\n\n\n<figure class=\"wp-block-image\"><img decoding=\"async\" src=\"https:\/\/agrinox.hu\/sites\/default\/files\/inline-images\/pndterkep.jpg\" alt=\"pndterkep\"\/><\/figure>\n\n\n\n<p>Haz\u00e1nkban jelenleg 2 db DT 8-as automata almacsum\u00e1z\u00f3 m\u0171k\u00f6dik. A kezdeti probl\u00e9m\u00e1k megold\u00e1sa ut\u00e1n,&nbsp; folyamatos \u00fczemben, a nap 24 \u00f3r\u00e1j\u00e1ban,&nbsp;80-120 db\/perc teljes\u00edtm\u00e9nnyel.&nbsp;<\/p>\n\n\n\n<div class=\"wp-block-columns is-layout-flex wp-container-core-columns-layout-1 wp-block-columns-is-layout-flex\">\n<div class=\"wp-block-column is-vertically-aligned-center is-layout-flow wp-block-column-is-layout-flow\" style=\"flex-basis:100%\">\n<div class=\"wp-block-group is-layout-constrained wp-block-group-is-layout-constrained\">\n<h1 class=\"has-text-align-center is-style-default wp-block-heading\"><a href=\"https:\/\/webshop.agrinox.hu\/index.php\/category\/PND\/\" rel=\"nofollow\">PND term\u00e9kek megjelen\u00edt\u00e9s\u00e9hez kattintson ide<\/a><\/h1>\n<\/div>\n<\/div>\n<\/div>\n","protected":false},"excerpt":{"rendered":"<p>T\u00e1rsas\u00e1gunk egyik legfontosabb partnere a&nbsp;PND s.r.l. a gy\u00fcm\u00f6lcsfeldolgoz\u00f3 g\u00e9pek \u00e9s berendez\u00e9sek gy\u00e1rt\u00e1s\u00e1ra szakosodott d\u00e9l-olaszorsz\u00e1gi t\u00e1rsas\u00e1g. A 2000- ben alakult a<span class=\"more-dots\">&#8230;<\/span><\/p>\n","protected":false},"author":1,"featured_media":0,"parent":0,"menu_order":0,"comment_status":"closed","ping_status":"closed","template":"","meta":{"footnotes":""},"_links":{"self":[{"href":"https:\/\/webshop.agrinox.hu\/index.php\/wp-json\/wp\/v2\/pages\/123"}],"collection":[{"href":"https:\/\/webshop.agrinox.hu\/index.php\/wp-json\/wp\/v2\/pages"}],"about":[{"href":"https:\/\/webshop.agrinox.hu\/index.php\/wp-json\/wp\/v2\/types\/page"}],"author":[{"embeddable":true,"href":"https:\/\/webshop.agrinox.hu\/index.php\/wp-json\/wp\/v2\/users\/1"}],"replies":[{"embeddable":true,"href":"https:\/\/webshop.agrinox.hu\/index.php\/wp-json\/wp\/v2\/comments?post=123"}],"version-history":[{"count":9,"href":"https:\/\/webshop.agrinox.hu\/index.php\/wp-json\/wp\/v2\/pages\/123\/revisions"}],"predecessor-version":[{"id":211,"href":"https:\/\/webshop.agrinox.hu\/index.php\/wp-json\/wp\/v2\/pages\/123\/revisions\/211"}],"wp:attachment":[{"href":"https:\/\/webshop.agrinox.hu\/index.php\/wp-json\/wp\/v2\/media?parent=123"}],"curies":[{"name":"wp","href":"https:\/\/api.w.org\/{rel}","templated":true}]}}